{"id":1716,"date":"2022-04-20T23:54:36","date_gmt":"2022-04-20T21:54:36","guid":{"rendered":"https:\/\/cerhabitat.fr\/beta\/?page_id=1716"},"modified":"2022-09-19T12:08:13","modified_gmt":"2022-09-19T10:08:13","slug":"salle-de-bain","status":"publish","type":"page","link":"https:\/\/cerhabitat.fr\/beta\/salle-de-bain\/","title":{"rendered":"Salle de bain"},"content":{"rendered":"\t\t<div data-elementor-type=\"wp-page\" data-elementor-id=\"1716\" class=\"elementor elementor-1716\">\n\t\t\t\t\t\t\t\t\t<section class=\"elementor-section elementor-top-section elementor-element elementor-element-ed5aa28 elementor-section-boxed elementor-section-height-default elementor-section-height-default\" data-id=\"ed5aa28\" data-element_type=\"section\">\n\t\t\t\t\t\t<div class=\"elementor-container elementor-column-gap-default\">\n\t\t\t\t\t<div class=\"elementor-column elementor-col-100 elementor-top-column elementor-element elementor-element-a4944d1\" data-id=\"a4944d1\" data-element_type=\"column\">\n\t\t\t<div class=\"elementor-widget-wrap elementor-element-populated\">\n\t\t\t\t\t\t\t\t<div class=\"elementor-element elementor-element-d5510d3 elementor-widget elementor-widget-image\" data-id=\"d5510d3\" data-element_type=\"widget\" data-widget_type=\"image.default\">\n\t\t\t\t<div class=\"elementor-widget-container\">\n\t\t\t\t\t\t\t\t\t\t\t\t\t\t\t<img loading=\"lazy\" decoding=\"async\" width=\"2048\" height=\"410\" src=\"https:\/\/cerhabitat.fr\/beta\/wp-content\/uploads\/2022\/05\/9-5-2048x410.png\" class=\"attachment-2048x2048 size-2048x2048\" alt=\"\" srcset=\"https:\/\/cerhabitat.fr\/beta\/wp-content\/uploads\/2022\/05\/9-5-2048x410.png 2048w, https:\/\/cerhabitat.fr\/beta\/wp-content\/uploads\/2022\/05\/9-5-300x60.png 300w, https:\/\/cerhabitat.fr\/beta\/wp-content\/uploads\/2022\/05\/9-5-1024x205.png 1024w, https:\/\/cerhabitat.fr\/beta\/wp-content\/uploads\/2022\/05\/9-5-768x154.png 768w, https:\/\/cerhabitat.fr\/beta\/wp-content\/uploads\/2022\/05\/9-5-1536x307.png 1536w\" sizes=\"auto, (max-width: 2048px) 100vw, 2048px\" \/>\t\t\t\t\t\t\t\t\t\t\t\t\t\t\t<\/div>\n\t\t\t\t<\/div>\n\t\t\t\t<div class=\"elementor-element elementor-element-b8aca59 elementor-widget elementor-widget-spacer\" data-id=\"b8aca59\" data-element_type=\"widget\" data-widget_type=\"spacer.default\">\n\t\t\t\t<div class=\"elementor-widget-container\">\n\t\t\t\t\t<div class=\"elementor-spacer\">\n\t\t\t<div class=\"elementor-spacer-inner\"><\/div>\n\t\t<\/div>\n\t\t\t\t<\/div>\n\t\t\t\t<\/div>\n\t\t\t\t\t<\/div>\n\t\t<\/div>\n\t\t\t\t\t\t\t<\/div>\n\t\t<\/section>\n\t\t\t\t<section class=\"elementor-section elementor-top-section elementor-element elementor-element-bccf8e0 elementor-section-boxed elementor-section-height-default elementor-section-height-default\" data-id=\"bccf8e0\" data-element_type=\"section\" data-settings=\"{&quot;background_background&quot;:&quot;gradient&quot;}\">\n\t\t\t\t\t\t<div class=\"elementor-container elementor-column-gap-default\">\n\t\t\t\t\t<div class=\"elementor-column elementor-col-50 elementor-top-column elementor-element elementor-element-ffa5ab6\" data-id=\"ffa5ab6\" data-element_type=\"column\">\n\t\t\t<div class=\"elementor-widget-wrap elementor-element-populated\">\n\t\t\t\t\t\t\t\t<div class=\"elementor-element elementor-element-3bec224 elementor-widget elementor-widget-image\" data-id=\"3bec224\" data-element_type=\"widget\" data-widget_type=\"image.default\">\n\t\t\t\t<div class=\"elementor-widget-container\">\n\t\t\t\t\t\t\t\t\t\t\t\t\t\t\t<img loading=\"lazy\" decoding=\"async\" width=\"800\" height=\"1000\" src=\"https:\/\/cerhabitat.fr\/beta\/wp-content\/uploads\/2022\/09\/maison-comptem-apres-modifs-800-\u00d7-1000-px.png\" class=\"attachment-large size-large\" alt=\"\" srcset=\"https:\/\/cerhabitat.fr\/beta\/wp-content\/uploads\/2022\/09\/maison-comptem-apres-modifs-800-\u00d7-1000-px.png 800w, https:\/\/cerhabitat.fr\/beta\/wp-content\/uploads\/2022\/09\/maison-comptem-apres-modifs-800-\u00d7-1000-px-240x300.png 240w, https:\/\/cerhabitat.fr\/beta\/wp-content\/uploads\/2022\/09\/maison-comptem-apres-modifs-800-\u00d7-1000-px-768x960.png 768w\" sizes=\"auto, (max-width: 800px) 100vw, 800px\" \/>\t\t\t\t\t\t\t\t\t\t\t\t\t\t\t<\/div>\n\t\t\t\t<\/div>\n\t\t\t\t\t<\/div>\n\t\t<\/div>\n\t\t\t\t<div class=\"elementor-column elementor-col-50 elementor-top-column elementor-element elementor-element-f149a54\" data-id=\"f149a54\" data-element_type=\"column\">\n\t\t\t<div class=\"elementor-widget-wrap elementor-element-populated\">\n\t\t\t\t\t\t\t\t<div class=\"elementor-element elementor-element-7d9bc33 elementor-widget elementor-widget-heading\" data-id=\"7d9bc33\" data-element_type=\"widget\" data-widget_type=\"heading.default\">\n\t\t\t\t<div class=\"elementor-widget-container\">\n\t\t\t<h2 class=\"elementor-heading-title elementor-size-default\">Nos chantiers sont couverts par une assurance responsabilit\u00e9 civile ainsi qu'une garantie d\u00e9cennale.\n<\/h2>\t\t<\/div>\n\t\t\t\t<\/div>\n\t\t\t\t\t<\/div>\n\t\t<\/div>\n\t\t\t\t\t\t\t<\/div>\n\t\t<\/section>\n\t\t\t\t<section class=\"elementor-section elementor-top-section elementor-element elementor-element-c1a1cfa elementor-section-boxed elementor-section-height-default elementor-section-height-default\" data-id=\"c1a1cfa\" data-element_type=\"section\" data-settings=\"{&quot;background_background&quot;:&quot;classic&quot;}\">\n\t\t\t\t\t\t<div class=\"elementor-container elementor-column-gap-default\">\n\t\t\t\t\t<div class=\"elementor-column elementor-col-100 elementor-top-column elementor-element elementor-element-af92577\" data-id=\"af92577\" data-element_type=\"column\">\n\t\t\t<div class=\"elementor-widget-wrap elementor-element-populated\">\n\t\t\t\t\t\t\t\t<div class=\"elementor-element elementor-element-91b1f86 elementor-widget__width-initial elementor-widget-tablet__width-initial elementor-widget elementor-widget-text-editor\" data-id=\"91b1f86\" data-element_type=\"widget\" data-widget_type=\"text-editor.default\">\n\t\t\t\t<div class=\"elementor-widget-container\">\n\t\t\t\t\t\t\t<p>Cer habitat con\u00e7oit et r\u00e9alise, gr\u00e2ce \u00e0 son savoir-faire, votre salle de bain, notre \u00e9quipe vous accompagnera dans toutes les \u00e9tapes de votre projet de r\u00e9novation.\u00a0<\/p><p>Dans un premier temps, un rendez-vous avec notre technico-commercial aura lieu, afin d\u2019analyser vos attentes et de les chiffrer.\u00a0<\/p><p>Ensuite, notre bureau d\u2019\u00e9tudes r\u00e9alisera les plans d\u2019ex\u00e9cution que nos \u00e9quipes se chargeront de suivre, pour finaliser votre projet de r\u00e9novation.<\/p>\t\t\t\t\t\t<\/div>\n\t\t\t\t<\/div>\n\t\t\t\t\t<\/div>\n\t\t<\/div>\n\t\t\t\t\t\t\t<\/div>\n\t\t<\/section>\n\t\t\t\t<section class=\"elementor-section elementor-top-section elementor-element elementor-element-91ae7cb elementor-section-boxed elementor-section-height-default elementor-section-height-default\" data-id=\"91ae7cb\" data-element_type=\"section\" data-settings=\"{&quot;background_background&quot;:&quot;gradient&quot;}\">\n\t\t\t\t\t\t<div class=\"elementor-container elementor-column-gap-default\">\n\t\t\t\t\t<div class=\"elementor-column elementor-col-50 elementor-top-column elementor-element elementor-element-5d53555\" data-id=\"5d53555\" data-element_type=\"column\">\n\t\t\t<div class=\"elementor-widget-wrap elementor-element-populated\">\n\t\t\t\t\t\t\t\t<div class=\"elementor-element elementor-element-6446b75 elementor-align-center elementor-widget elementor-widget-button\" data-id=\"6446b75\" data-element_type=\"widget\" data-widget_type=\"button.default\">\n\t\t\t\t<div class=\"elementor-widget-container\">\n\t\t\t\t\t<div class=\"elementor-button-wrapper\">\n\t\t\t<a href=\"https:\/\/cerhabitat.fr\/beta\/qui-sommes-nous\/\" class=\"elementor-button-link elementor-button elementor-size-xl\" role=\"button\">\n\t\t\t\t\t\t<span class=\"elementor-button-content-wrapper\">\n\t\t\t\t\t\t<span class=\"elementor-button-text\">Qui sommes-nous<\/span>\n\t\t<\/span>\n\t\t\t\t\t<\/a>\n\t\t<\/div>\n\t\t\t\t<\/div>\n\t\t\t\t<\/div>\n\t\t\t\t\t<\/div>\n\t\t<\/div>\n\t\t\t\t<div class=\"elementor-column elementor-col-50 elementor-top-column elementor-element elementor-element-5fd0a6c\" data-id=\"5fd0a6c\" data-element_type=\"column\" data-settings=\"{&quot;background_background&quot;:&quot;classic&quot;}\">\n\t\t\t<div class=\"elementor-widget-wrap elementor-element-populated\">\n\t\t\t\t\t\t\t\t<div class=\"elementor-element elementor-element-3305681 elementor-align-center elementor-widget elementor-widget-button\" data-id=\"3305681\" data-element_type=\"widget\" data-widget_type=\"button.default\">\n\t\t\t\t<div class=\"elementor-widget-container\">\n\t\t\t\t\t<div class=\"elementor-button-wrapper\">\n\t\t\t<a href=\"https:\/\/cerhabitat.fr\/beta\/je-debute-mon-projet\/\" class=\"elementor-button-link elementor-button elementor-size-xl\" role=\"button\">\n\t\t\t\t\t\t<span class=\"elementor-button-content-wrapper\">\n\t\t\t\t\t\t<span class=\"elementor-button-text\">Je d\u00e9bute mon projet<\/span>\n\t\t<\/span>\n\t\t\t\t\t<\/a>\n\t\t<\/div>\n\t\t\t\t<\/div>\n\t\t\t\t<\/div>\n\t\t\t\t\t<\/div>\n\t\t<\/div>\n\t\t\t\t\t\t\t<\/div>\n\t\t<\/section>\n\t\t\t\t\t\t\t<\/div>\n\t\t","protected":false},"excerpt":{"rendered":"<p>Nos chantiers sont couverts par une assurance responsabilit\u00e9 civile ainsi qu&rsquo;une garantie d\u00e9cennale. Cer habitat con\u00e7oit et r\u00e9alise, gr\u00e2ce \u00e0 son savoir-faire, votre salle de bain, notre \u00e9quipe vous accompagnera dans toutes les \u00e9tapes de votre projet de r\u00e9novation.\u00a0 Dans un premier temps, un rendez-vous avec notre technico-commercial aura lieu, afin d\u2019analyser vos attentes et<\/p>\n","protected":false},"author":1,"featured_media":0,"parent":0,"menu_order":0,"comment_status":"closed","ping_status":"closed","template":"empty-template.php","meta":{"footnotes":""},"class_list":["post-1716","page","type-page","status-publish","hentry"],"acf":[],"yoast_head":"<!-- This site is optimized with the Yoast SEO plugin v19.2 - https:\/\/yoast.com\/wordpress\/plugins\/seo\/ -->\n<title>Salle de bain - CER HABITAT<\/title>\n<meta name=\"robots\" content=\"index, follow, max-snippet:-1, max-image-preview:large, max-video-preview:-1\" \/>\n<link rel=\"canonical\" href=\"https:\/\/cerhabitat.fr\/beta\/salle-de-bain\/\" \/>\n<meta property=\"og:locale\" content=\"fr_FR\" \/>\n<meta property=\"og:type\" content=\"article\" \/>\n<meta property=\"og:title\" content=\"Salle de bain - CER HABITAT\" \/>\n<meta property=\"og:description\" content=\"Nos chantiers sont couverts par une assurance responsabilit\u00e9 civile ainsi qu&rsquo;une garantie d\u00e9cennale. Cer habitat con\u00e7oit et r\u00e9alise, gr\u00e2ce \u00e0 son savoir-faire, votre salle de bain, notre \u00e9quipe vous accompagnera dans toutes les \u00e9tapes de votre projet de r\u00e9novation.\u00a0 Dans un premier temps, un rendez-vous avec notre technico-commercial aura lieu, afin d\u2019analyser vos attentes et\" \/>\n<meta property=\"og:url\" content=\"https:\/\/cerhabitat.fr\/beta\/salle-de-bain\/\" \/>\n<meta property=\"og:site_name\" content=\"CER HABITAT\" \/>\n<meta property=\"article:modified_time\" content=\"2022-09-19T10:08:13+00:00\" \/>\n<meta property=\"og:image\" content=\"https:\/\/cerhabitat.fr\/beta\/wp-content\/uploads\/2022\/05\/9-5-2048x410.png\" \/>\n<meta name=\"author\" content=\"admin\" \/>\n<meta name=\"twitter:card\" content=\"summary_large_image\" \/>\n<meta name=\"twitter:label1\" content=\"Dur\u00e9e de lecture estim\u00e9e\" \/>\n\t<meta name=\"twitter:data1\" content=\"1 minute\" \/>\n<script type=\"application\/ld+json\" class=\"yoast-schema-graph\">{\"@context\":\"https:\/\/schema.org\",\"@graph\":[{\"@type\":\"WebSite\",\"@id\":\"https:\/\/cerhabitat.fr\/beta\/#website\",\"url\":\"https:\/\/cerhabitat.fr\/beta\/\",\"name\":\"CER HABITAT\",\"description\":\"De la r\u00e9novation \u00e0 la conception\",\"potentialAction\":[{\"@type\":\"SearchAction\",\"target\":{\"@type\":\"EntryPoint\",\"urlTemplate\":\"https:\/\/cerhabitat.fr\/beta\/?s={search_term_string}\"},\"query-input\":\"required name=search_term_string\"}],\"inLanguage\":\"fr-FR\"},{\"@type\":\"ImageObject\",\"inLanguage\":\"fr-FR\",\"@id\":\"https:\/\/cerhabitat.fr\/beta\/salle-de-bain\/#primaryimage\",\"url\":\"https:\/\/cerhabitat.fr\/beta\/wp-content\/uploads\/2022\/05\/9-5.png\",\"contentUrl\":\"https:\/\/cerhabitat.fr\/beta\/wp-content\/uploads\/2022\/05\/9-5.png\",\"width\":2500,\"height\":500},{\"@type\":\"WebPage\",\"@id\":\"https:\/\/cerhabitat.fr\/beta\/salle-de-bain\/#webpage\",\"url\":\"https:\/\/cerhabitat.fr\/beta\/salle-de-bain\/\",\"name\":\"Salle de bain - CER HABITAT\",\"isPartOf\":{\"@id\":\"https:\/\/cerhabitat.fr\/beta\/#website\"},\"primaryImageOfPage\":{\"@id\":\"https:\/\/cerhabitat.fr\/beta\/salle-de-bain\/#primaryimage\"},\"datePublished\":\"2022-04-20T21:54:36+00:00\",\"dateModified\":\"2022-09-19T10:08:13+00:00\",\"breadcrumb\":{\"@id\":\"https:\/\/cerhabitat.fr\/beta\/salle-de-bain\/#breadcrumb\"},\"inLanguage\":\"fr-FR\",\"potentialAction\":[{\"@type\":\"ReadAction\",\"target\":[\"https:\/\/cerhabitat.fr\/beta\/salle-de-bain\/\"]}]},{\"@type\":\"BreadcrumbList\",\"@id\":\"https:\/\/cerhabitat.fr\/beta\/salle-de-bain\/#breadcrumb\",\"itemListElement\":[{\"@type\":\"ListItem\",\"position\":1,\"name\":\"Accueil\",\"item\":\"https:\/\/cerhabitat.fr\/beta\/\"},{\"@type\":\"ListItem\",\"position\":2,\"name\":\"Salle de bain\"}]}]}<\/script>\n<!-- \/ Yoast SEO plugin. -->","yoast_head_json":{"title":"Salle de bain - CER HABITAT","robots":{"index":"index","follow":"follow","max-snippet":"max-snippet:-1","max-image-preview":"max-image-preview:large","max-video-preview":"max-video-preview:-1"},"canonical":"https:\/\/cerhabitat.fr\/beta\/salle-de-bain\/","og_locale":"fr_FR","og_type":"article","og_title":"Salle de bain - CER HABITAT","og_description":"Nos chantiers sont couverts par une assurance responsabilit\u00e9 civile ainsi qu&rsquo;une garantie d\u00e9cennale. Cer habitat con\u00e7oit et r\u00e9alise, gr\u00e2ce \u00e0 son savoir-faire, votre salle de bain, notre \u00e9quipe vous accompagnera dans toutes les \u00e9tapes de votre projet de r\u00e9novation.\u00a0 Dans un premier temps, un rendez-vous avec notre technico-commercial aura lieu, afin d\u2019analyser vos attentes et","og_url":"https:\/\/cerhabitat.fr\/beta\/salle-de-bain\/","og_site_name":"CER HABITAT","article_modified_time":"2022-09-19T10:08:13+00:00","og_image":[{"url":"https:\/\/cerhabitat.fr\/beta\/wp-content\/uploads\/2022\/05\/9-5-2048x410.png"}],"author":"admin","twitter_card":"summary_large_image","twitter_misc":{"Dur\u00e9e de lecture estim\u00e9e":"1 minute"},"schema":{"@context":"https:\/\/schema.org","@graph":[{"@type":"WebSite","@id":"https:\/\/cerhabitat.fr\/beta\/#website","url":"https:\/\/cerhabitat.fr\/beta\/","name":"CER HABITAT","description":"De la r\u00e9novation \u00e0 la conception","potentialAction":[{"@type":"SearchAction","target":{"@type":"EntryPoint","urlTemplate":"https:\/\/cerhabitat.fr\/beta\/?s={search_term_string}"},"query-input":"required name=search_term_string"}],"inLanguage":"fr-FR"},{"@type":"ImageObject","inLanguage":"fr-FR","@id":"https:\/\/cerhabitat.fr\/beta\/salle-de-bain\/#primaryimage","url":"https:\/\/cerhabitat.fr\/beta\/wp-content\/uploads\/2022\/05\/9-5.png","contentUrl":"https:\/\/cerhabitat.fr\/beta\/wp-content\/uploads\/2022\/05\/9-5.png","width":2500,"height":500},{"@type":"WebPage","@id":"https:\/\/cerhabitat.fr\/beta\/salle-de-bain\/#webpage","url":"https:\/\/cerhabitat.fr\/beta\/salle-de-bain\/","name":"Salle de bain - CER HABITAT","isPartOf":{"@id":"https:\/\/cerhabitat.fr\/beta\/#website"},"primaryImageOfPage":{"@id":"https:\/\/cerhabitat.fr\/beta\/salle-de-bain\/#primaryimage"},"datePublished":"2022-04-20T21:54:36+00:00","dateModified":"2022-09-19T10:08:13+00:00","breadcrumb":{"@id":"https:\/\/cerhabitat.fr\/beta\/salle-de-bain\/#breadcrumb"},"inLanguage":"fr-FR","potentialAction":[{"@type":"ReadAction","target":["https:\/\/cerhabitat.fr\/beta\/salle-de-bain\/"]}]},{"@type":"BreadcrumbList","@id":"https:\/\/cerhabitat.fr\/beta\/salle-de-bain\/#breadcrumb","itemListElement":[{"@type":"ListItem","position":1,"name":"Accueil","item":"https:\/\/cerhabitat.fr\/beta\/"},{"@type":"ListItem","position":2,"name":"Salle de bain"}]}]}},"_links":{"self":[{"href":"https:\/\/cerhabitat.fr\/beta\/wp-json\/wp\/v2\/pages\/1716","targetHints":{"allow":["GET"]}}],"collection":[{"href":"https:\/\/cerhabitat.fr\/beta\/wp-json\/wp\/v2\/pages"}],"about":[{"href":"https:\/\/cerhabitat.fr\/beta\/wp-json\/wp\/v2\/types\/page"}],"author":[{"embeddable":true,"href":"https:\/\/cerhabitat.fr\/beta\/wp-json\/wp\/v2\/users\/1"}],"replies":[{"embeddable":true,"href":"https:\/\/cerhabitat.fr\/beta\/wp-json\/wp\/v2\/comments?post=1716"}],"version-history":[{"count":100,"href":"https:\/\/cerhabitat.fr\/beta\/wp-json\/wp\/v2\/pages\/1716\/revisions"}],"predecessor-version":[{"id":3723,"href":"https:\/\/cerhabitat.fr\/beta\/wp-json\/wp\/v2\/pages\/1716\/revisions\/3723"}],"wp:attachment":[{"href":"https:\/\/cerhabitat.fr\/beta\/wp-json\/wp\/v2\/media?parent=1716"}],"curies":[{"name":"wp","href":"https:\/\/api.w.org\/{rel}","templated":true}]}}