{"id":2171,"date":"2022-04-21T18:48:58","date_gmt":"2022-04-21T16:48:58","guid":{"rendered":"https:\/\/cerhabitat.fr\/beta\/?page_id=2171"},"modified":"2022-12-19T14:04:38","modified_gmt":"2022-12-19T13:04:38","slug":"je-debute-mon-projet","status":"publish","type":"page","link":"https:\/\/cerhabitat.fr\/beta\/je-debute-mon-projet\/","title":{"rendered":"Je d\u00e9bute mon projet"},"content":{"rendered":"\t\t<div data-elementor-type=\"wp-page\" data-elementor-id=\"2171\" class=\"elementor elementor-2171\">\n\t\t\t\t\t\t\t\t\t<section class=\"elementor-section elementor-top-section elementor-element elementor-element-13ae970 elementor-section-height-min-height elementor-section-boxed elementor-section-height-default elementor-section-items-middle\" data-id=\"13ae970\" data-element_type=\"section\" data-settings=\"{&quot;background_background&quot;:&quot;gradient&quot;}\">\n\t\t\t\t\t\t<div class=\"elementor-container elementor-column-gap-default\">\n\t\t\t\t\t<div class=\"elementor-column elementor-col-100 elementor-top-column elementor-element elementor-element-d6bad0f\" data-id=\"d6bad0f\" data-element_type=\"column\">\n\t\t\t<div class=\"elementor-widget-wrap elementor-element-populated\">\n\t\t\t\t\t\t\t\t<div class=\"elementor-element elementor-element-089bf83 elementor-widget elementor-widget-arkid_contact_form\" data-id=\"089bf83\" data-element_type=\"widget\" data-widget_type=\"arkid_contact_form.default\">\n\t\t\t\t<div class=\"elementor-widget-container\">\n\t\t\t<div class=\"wt-cf7-form\"><div role=\"form\" class=\"wpcf7\" id=\"wpcf7-f846-o1\" lang=\"en-US\" dir=\"ltr\">\n<div class=\"screen-reader-response\"><p role=\"status\" aria-live=\"polite\" aria-atomic=\"true\"><\/p> <ul><\/ul><\/div>\n<form action=\"\/beta\/wp-json\/wp\/v2\/pages\/2171#wpcf7-f846-o1\" method=\"post\" class=\"wpcf7-form init\" novalidate=\"novalidate\" data-status=\"init\">\n<div style=\"display: none;\">\n<input type=\"hidden\" name=\"_wpcf7\" value=\"846\" \/>\n<input type=\"hidden\" name=\"_wpcf7_version\" value=\"5.6\" \/>\n<input type=\"hidden\" name=\"_wpcf7_locale\" value=\"en_US\" \/>\n<input type=\"hidden\" name=\"_wpcf7_unit_tag\" value=\"wpcf7-f846-o1\" \/>\n<input type=\"hidden\" name=\"_wpcf7_container_post\" value=\"0\" \/>\n<input type=\"hidden\" name=\"_wpcf7_posted_data_hash\" value=\"\" \/>\n<\/div>\n<div class=\"cf7-col-row\">\n<div class=\"cf7-col\">\n        <span class=\"wpcf7-form-control-wrap\" data-name=\"first-name\"><input type=\"text\" name=\"first-name\" value=\"\" size=\"40\" class=\"wpcf7-form-control wpcf7-text wpcf7-validates-as-required\" aria-required=\"true\" aria-invalid=\"false\" placeholder=\"Pr\u00e9nom\" \/><\/span>\n    <\/div>\n<div class=\"cf7-col\">\n        <span class=\"wpcf7-form-control-wrap\" data-name=\"last-name\"><input type=\"text\" name=\"last-name\" value=\"\" size=\"40\" class=\"wpcf7-form-control wpcf7-text wpcf7-validates-as-required\" aria-required=\"true\" aria-invalid=\"false\" placeholder=\"Nom\" \/><\/span>\n    <\/div>\n<\/div>\n<div class=\"cf7-col-row\">\n<div class=\"cf7-col\">\n        <span class=\"wpcf7-form-control-wrap\" data-name=\"your-email\"><input type=\"email\" name=\"your-email\" value=\"\" size=\"40\" class=\"wpcf7-form-control wpcf7-text wpcf7-email wpcf7-validates-as-required wpcf7-validates-as-email\" aria-required=\"true\" aria-invalid=\"false\" placeholder=\"Email\" \/><\/span>\n    <\/div>\n<div class=\"cf7-col\">\n       <span class=\"wpcf7-form-control-wrap\" data-name=\"phone-number\"><input type=\"text\" name=\"phone-number\" value=\"\" size=\"40\" class=\"wpcf7-form-control wpcf7-text\" aria-invalid=\"false\" placeholder=\"Num\u00e9ro de t\u00e9l\u00e9phone\" \/><\/span>\n    <\/div>\n<\/div>\n<p>   <span class=\"wpcf7-form-control-wrap\" data-name=\"message\"><textarea name=\"message\" cols=\"40\" rows=\"10\" class=\"wpcf7-form-control wpcf7-textarea wpcf7-validates-as-required\" aria-required=\"true\" aria-invalid=\"false\" placeholder=\"Adresse du projet\"><\/textarea><\/span>\n<\/p><\/div>\n<p>   <span class=\"wpcf7-form-control-wrap\" data-name=\"message\"><textarea name=\"message\" cols=\"40\" rows=\"10\" class=\"wpcf7-form-control wpcf7-textarea wpcf7-validates-as-required\" aria-required=\"true\" aria-invalid=\"false\" placeholder=\"descriptif du projet\"><\/textarea><\/span><\/p>\n<div class=\"text-left\"><input type=\"submit\" value=\"Envoyer\" class=\"wpcf7-form-control has-spinner wpcf7-submit\" \/><\/div>\n<div class=\"wpcf7-response-output\" aria-hidden=\"true\"><\/div><\/form><\/div><\/div>\t\t<\/div>\n\t\t\t\t<\/div>\n\t\t\t\t\t<\/div>\n\t\t<\/div>\n\t\t\t\t\t\t\t<\/div>\n\t\t<\/section>\n\t\t\t\t\t\t\t<\/div>\n\t\t","protected":false},"excerpt":{"rendered":"","protected":false},"author":1,"featured_media":0,"parent":0,"menu_order":0,"comment_status":"closed","ping_status":"closed","template":"empty-template.php","meta":{"footnotes":""},"class_list":["post-2171","page","type-page","status-publish","hentry"],"acf":[],"yoast_head":"<!-- This site is optimized with the Yoast SEO plugin v19.2 - https:\/\/yoast.com\/wordpress\/plugins\/seo\/ -->\n<title>Je d\u00e9bute mon projet - CER HABITAT<\/title>\n<meta name=\"robots\" content=\"index, follow, max-snippet:-1, max-image-preview:large, max-video-preview:-1\" \/>\n<link rel=\"canonical\" href=\"https:\/\/cerhabitat.fr\/beta\/je-debute-mon-projet\/\" \/>\n<meta property=\"og:locale\" content=\"fr_FR\" \/>\n<meta property=\"og:type\" content=\"article\" \/>\n<meta property=\"og:title\" content=\"Je d\u00e9bute mon projet - CER HABITAT\" \/>\n<meta property=\"og:url\" content=\"https:\/\/cerhabitat.fr\/beta\/je-debute-mon-projet\/\" \/>\n<meta property=\"og:site_name\" content=\"CER HABITAT\" \/>\n<meta property=\"article:modified_time\" content=\"2022-12-19T13:04:38+00:00\" \/>\n<meta name=\"author\" content=\"admin\" \/>\n<meta name=\"twitter:card\" content=\"summary_large_image\" \/>\n<script type=\"application\/ld+json\" class=\"yoast-schema-graph\">{\"@context\":\"https:\/\/schema.org\",\"@graph\":[{\"@type\":\"WebSite\",\"@id\":\"https:\/\/cerhabitat.fr\/beta\/#website\",\"url\":\"https:\/\/cerhabitat.fr\/beta\/\",\"name\":\"CER HABITAT\",\"description\":\"De la r\u00e9novation \u00e0 la conception\",\"potentialAction\":[{\"@type\":\"SearchAction\",\"target\":{\"@type\":\"EntryPoint\",\"urlTemplate\":\"https:\/\/cerhabitat.fr\/beta\/?s={search_term_string}\"},\"query-input\":\"required name=search_term_string\"}],\"inLanguage\":\"fr-FR\"},{\"@type\":\"WebPage\",\"@id\":\"https:\/\/cerhabitat.fr\/beta\/je-debute-mon-projet\/#webpage\",\"url\":\"https:\/\/cerhabitat.fr\/beta\/je-debute-mon-projet\/\",\"name\":\"Je d\u00e9bute mon projet - CER HABITAT\",\"isPartOf\":{\"@id\":\"https:\/\/cerhabitat.fr\/beta\/#website\"},\"datePublished\":\"2022-04-21T16:48:58+00:00\",\"dateModified\":\"2022-12-19T13:04:38+00:00\",\"breadcrumb\":{\"@id\":\"https:\/\/cerhabitat.fr\/beta\/je-debute-mon-projet\/#breadcrumb\"},\"inLanguage\":\"fr-FR\",\"potentialAction\":[{\"@type\":\"ReadAction\",\"target\":[\"https:\/\/cerhabitat.fr\/beta\/je-debute-mon-projet\/\"]}]},{\"@type\":\"BreadcrumbList\",\"@id\":\"https:\/\/cerhabitat.fr\/beta\/je-debute-mon-projet\/#breadcrumb\",\"itemListElement\":[{\"@type\":\"ListItem\",\"position\":1,\"name\":\"Accueil\",\"item\":\"https:\/\/cerhabitat.fr\/beta\/\"},{\"@type\":\"ListItem\",\"position\":2,\"name\":\"Je d\u00e9bute mon projet\"}]}]}<\/script>\n<!-- \/ Yoast SEO plugin. -->","yoast_head_json":{"title":"Je d\u00e9bute mon projet - CER HABITAT","robots":{"index":"index","follow":"follow","max-snippet":"max-snippet:-1","max-image-preview":"max-image-preview:large","max-video-preview":"max-video-preview:-1"},"canonical":"https:\/\/cerhabitat.fr\/beta\/je-debute-mon-projet\/","og_locale":"fr_FR","og_type":"article","og_title":"Je d\u00e9bute mon projet - CER HABITAT","og_url":"https:\/\/cerhabitat.fr\/beta\/je-debute-mon-projet\/","og_site_name":"CER HABITAT","article_modified_time":"2022-12-19T13:04:38+00:00","author":"admin","twitter_card":"summary_large_image","schema":{"@context":"https:\/\/schema.org","@graph":[{"@type":"WebSite","@id":"https:\/\/cerhabitat.fr\/beta\/#website","url":"https:\/\/cerhabitat.fr\/beta\/","name":"CER HABITAT","description":"De la r\u00e9novation \u00e0 la conception","potentialAction":[{"@type":"SearchAction","target":{"@type":"EntryPoint","urlTemplate":"https:\/\/cerhabitat.fr\/beta\/?s={search_term_string}"},"query-input":"required name=search_term_string"}],"inLanguage":"fr-FR"},{"@type":"WebPage","@id":"https:\/\/cerhabitat.fr\/beta\/je-debute-mon-projet\/#webpage","url":"https:\/\/cerhabitat.fr\/beta\/je-debute-mon-projet\/","name":"Je d\u00e9bute mon projet - CER HABITAT","isPartOf":{"@id":"https:\/\/cerhabitat.fr\/beta\/#website"},"datePublished":"2022-04-21T16:48:58+00:00","dateModified":"2022-12-19T13:04:38+00:00","breadcrumb":{"@id":"https:\/\/cerhabitat.fr\/beta\/je-debute-mon-projet\/#breadcrumb"},"inLanguage":"fr-FR","potentialAction":[{"@type":"ReadAction","target":["https:\/\/cerhabitat.fr\/beta\/je-debute-mon-projet\/"]}]},{"@type":"BreadcrumbList","@id":"https:\/\/cerhabitat.fr\/beta\/je-debute-mon-projet\/#breadcrumb","itemListElement":[{"@type":"ListItem","position":1,"name":"Accueil","item":"https:\/\/cerhabitat.fr\/beta\/"},{"@type":"ListItem","position":2,"name":"Je d\u00e9bute mon projet"}]}]}},"_links":{"self":[{"href":"https:\/\/cerhabitat.fr\/beta\/wp-json\/wp\/v2\/pages\/2171","targetHints":{"allow":["GET"]}}],"collection":[{"href":"https:\/\/cerhabitat.fr\/beta\/wp-json\/wp\/v2\/pages"}],"about":[{"href":"https:\/\/cerhabitat.fr\/beta\/wp-json\/wp\/v2\/types\/page"}],"author":[{"embeddable":true,"href":"https:\/\/cerhabitat.fr\/beta\/wp-json\/wp\/v2\/users\/1"}],"replies":[{"embeddable":true,"href":"https:\/\/cerhabitat.fr\/beta\/wp-json\/wp\/v2\/comments?post=2171"}],"version-history":[{"count":21,"href":"https:\/\/cerhabitat.fr\/beta\/wp-json\/wp\/v2\/pages\/2171\/revisions"}],"predecessor-version":[{"id":3791,"href":"https:\/\/cerhabitat.fr\/beta\/wp-json\/wp\/v2\/pages\/2171\/revisions\/3791"}],"wp:attachment":[{"href":"https:\/\/cerhabitat.fr\/beta\/wp-json\/wp\/v2\/media?parent=2171"}],"curies":[{"name":"wp","href":"https:\/\/api.w.org\/{rel}","templated":true}]}}